{"id":7469,"date":"2021-03-08T12:07:54","date_gmt":"2021-03-08T11:07:54","guid":{"rendered":"https:\/\/www.armagnac-janneau.com\/?page_id=7469"},"modified":"2025-01-14T14:09:08","modified_gmt":"2025-01-14T13:09:08","slug":"news","status":"publish","type":"page","link":"https:\/\/www.armagnac-janneau.com\/en\/news\/","title":{"rendered":"News"},"content":{"rendered":"<section class=\"l-section wpb_row us_custom_4af741be height_medium full_height valign_center color_primary\"><div class=\"l-section-h i-cf\"><div class=\"g-cols vc_row via_flex valign_middle type_default stacking_default\"><div class=\"vc_col-sm-12 wpb_column vc_column_container has_bg_color\"><div class=\"vc_column-inner us_custom_53c510e4\"><div class=\"wpb_wrapper\"><div class=\"g-cols wpb_row us_custom_bafb581b underWrapper via_flex valign_middle type_default stacking_default\"><div class=\"vc_col-sm-12 wpb_column vc_column_container\"><div class=\"vc_column-inner\"><div class=\"wpb_wrapper\">[vc_custom_heading text=&#8221;OUR<br \/>\nNEWS&#8221; font_container=&#8221;tag:h1|text_align:center&#8221; use_theme_fonts=&#8221;yes&#8221;]<div class=\"wpb_text_column sous-titre\"><div class=\"wpb_wrapper\"><p style=\"text-align: center;\">Follow the news of Janneau.<\/p>\n<\/div><\/div><div class=\"w-image us_custom_db6bc5b6 has_height align_center\"><div class=\"w-image-h\"><img decoding=\"async\" width=\"100\" height=\"100\" src=\"https:\/\/www.armagnac-janneau.com\/wp-content\/uploads\/2025\/01\/janneau_icone-100x100.png\" class=\"attachment-us_100_100 size-us_100_100\" alt=\"\" loading=\"lazy\" srcset=\"https:\/\/www.armagnac-janneau.com\/wp-content\/uploads\/2025\/01\/janneau_icone-100x100.png 100w, https:\/\/www.armagnac-janneau.com\/wp-content\/uploads\/2025\/01\/janneau_icone-300x300.png 300w, https:\/\/www.armagnac-janneau.com\/wp-content\/uploads\/2025\/01\/janneau_icone-150x150.png 150w, https:\/\/www.armagnac-janneau.com\/wp-content\/uploads\/2025\/01\/janneau_icone-200x200.png 200w, https:\/\/www.armagnac-janneau.com\/wp-content\/uploads\/2025\/01\/janneau_icone-50x50.png 50w, https:\/\/www.armagnac-janneau.com\/wp-content\/uploads\/2025\/01\/janneau_icone-400x400.png 400w, https:\/\/www.armagnac-janneau.com\/wp-content\/uploads\/2025\/01\/janneau_icone-250x250.png 250w, https:\/\/www.armagnac-janneau.com\/wp-content\/uploads\/2025\/01\/janneau_icone-30x30.png 30w, https:\/\/www.armagnac-janneau.com\/wp-content\/uploads\/2025\/01\/janneau_icone-350x350.png 350w, https:\/\/www.armagnac-janneau.com\/wp-content\/uploads\/2025\/01\/janneau_icone.png 512w\" sizes=\"auto, (max-width: 100px) 100vw, 100px\" \/><\/div><\/div><\/div><\/div><\/div><\/div><\/div><\/div><\/div><\/div><\/div><\/section><section class=\"l-section wpb_row height_medium\"><div class=\"l-section-h i-cf\"><div class=\"g-cols vc_row via_flex valign_top type_default stacking_default\"><div class=\"vc_col-sm-12 wpb_column vc_column_container\"><div class=\"vc_column-inner\"><div class=\"wpb_wrapper\"><div class=\"w-grid us_grid type_grid layout_979 cols_2 overflow_hidden preload_style_spinner\" id=\"us_grid_1\" style=\"--columns:2;--gap:1.5rem;\" data-filterable=\"true\"><style>@media (max-width:770px){#us_grid_1{--columns:1!important}}.layout_979 .w-grid-item-h{background:#fff;color:#1a1a1a;border-radius:0rem;box-shadow:0 0.03rem 0.06rem rgba(0,0,0,0.1),0 0.1rem 0.3rem rgba(0,0,0,0.1);transition-duration:0.3s}.no-touch .layout_979 .w-grid-item-h:hover{box-shadow:0 0.1rem 0.2rem rgba(0,0,0,0.1),0 0.33rem 1rem rgba(0,0,0,0.15);z-index:4}.layout_979 .usg_post_title_1{font-weight:300!important}.layout_979 .usg_vwrapper_1{padding:9% 11% 11% 11%!important}.layout_979 .usg_hwrapper_1{color:#999!important;font-size:0.9rem!important}.layout_979 .usg_post_date_1{color:#a7a39d!important;font-style:italic!important}.layout_979 .usg_post_content_1{color:#1a1a1a!important;font-style:italic!important;letter-spacing:0.3em!important}@media (max-width:770px){.layout_979 .usg_post_title_1{font-size:1.2rem!important}}<\/style><div class=\"w-grid-list\">\t<article class=\"w-grid-item size_1x1 post-32128 post type-post status-publish format-standard has-post-thumbnail category-news\" data-id=\"32128\">\r\n\t\t<div class=\"w-grid-item-h\">\r\n\t\t\t\t\t\t<div class=\"w-post-elm post_image usg_post_image_1 stretched\"><a href=\"https:\/\/www.armagnac-janneau.com\/en\/news\/janneau-vsop-grand-armagnac-won-silver-medal-2\/\" aria-label=\"JANNEAU XXO : The Forbidden Armagnac that Wins Gold and Redefines the Rules\"><img decoding=\"async\" width=\"500\" height=\"500\" src=\"https:\/\/www.armagnac-janneau.com\/wp-content\/uploads\/2025\/10\/JANNEAU-XXO-Medailles-e1759397543648.png\" class=\"attachment-full size-full wp-post-image\" alt=\"janneau xxo m\u00e9dailles\" \/><\/a><\/div><div class=\"w-vwrapper usg_vwrapper_1 align_left valign_top\" style=\"--vwrapper-gap:0.7rem\"><h3 class=\"w-post-elm post_title usg_post_title_1 text-article entry-title color_link_inherit\"><a href=\"https:\/\/www.armagnac-janneau.com\/en\/news\/janneau-vsop-grand-armagnac-won-silver-medal-2\/\">JANNEAU XXO : The Forbidden Armagnac that Wins Gold and Redefines the Rules<\/a><\/h3><div class=\"w-hwrapper usg_hwrapper_1 has_text_color align_left valign_top wrap\" style=\"--hwrapper-gap:1.2rem\"><time class=\"w-post-elm post_date usg_post_date_1 has_text_color entry-date published\" datetime=\"2025-10-02T11:46:34+02:00\" title=\"2 October 2025 at 11:46:34 Europe\/Paris\">02\/10\/2025<\/time><\/div><div class=\"w-post-elm post_content usg_post_content_1 text has_text_color\">10\/02\/2025In London, at the prestigious International Spirits Challenge (ISC), Janneau XXO Armagnac has just won the 2025 Best Armagnac in&hellip;<\/div><\/div>\t\t<\/div>\r\n\t\t\t<\/article>\r\n\t<article class=\"w-grid-item size_1x1 post-14104 post type-post status-publish format-standard has-post-thumbnail category-news\" data-id=\"14104\">\r\n\t\t<div class=\"w-grid-item-h\">\r\n\t\t\t\t\t\t<div class=\"w-post-elm post_image usg_post_image_1 stretched\"><a href=\"https:\/\/www.armagnac-janneau.com\/en\/news\/janneau-vsop-grand-armagnac-won-silver-medal\/\" aria-label=\"JANNEAU VSOP GRAND ARMAGNAC won a silver medal at the &#8220;Les Talents de l&#8217;Armagnac&#8221;\"><img decoding=\"async\" width=\"940\" height=\"788\" src=\"https:\/\/www.armagnac-janneau.com\/wp-content\/uploads\/2023\/12\/Argent-EN.jpg\" class=\"attachment-full size-full wp-post-image\" alt=\"argent en\" srcset=\"https:\/\/www.armagnac-janneau.com\/wp-content\/uploads\/2023\/12\/Argent-EN.jpg 940w, https:\/\/www.armagnac-janneau.com\/wp-content\/uploads\/2023\/12\/Argent-EN-300x251.jpg 300w, https:\/\/www.armagnac-janneau.com\/wp-content\/uploads\/2023\/12\/Argent-EN-200x168.jpg 200w, https:\/\/www.armagnac-janneau.com\/wp-content\/uploads\/2023\/12\/Argent-EN-50x42.jpg 50w, https:\/\/www.armagnac-janneau.com\/wp-content\/uploads\/2023\/12\/Argent-EN-400x335.jpg 400w, https:\/\/www.armagnac-janneau.com\/wp-content\/uploads\/2023\/12\/Argent-EN-477x400.jpg 477w, https:\/\/www.armagnac-janneau.com\/wp-content\/uploads\/2023\/12\/Argent-EN-250x210.jpg 250w, https:\/\/www.armagnac-janneau.com\/wp-content\/uploads\/2023\/12\/Argent-EN-100x84.jpg 100w, https:\/\/www.armagnac-janneau.com\/wp-content\/uploads\/2023\/12\/Argent-EN-716x600.jpg 716w, https:\/\/www.armagnac-janneau.com\/wp-content\/uploads\/2023\/12\/Argent-EN-600x503.jpg 600w, https:\/\/www.armagnac-janneau.com\/wp-content\/uploads\/2023\/12\/Argent-EN-900x754.jpg 900w, https:\/\/www.armagnac-janneau.com\/wp-content\/uploads\/2023\/12\/Argent-EN-30x25.jpg 30w, https:\/\/www.armagnac-janneau.com\/wp-content\/uploads\/2023\/12\/Argent-EN-700x587.jpg 700w, https:\/\/www.armagnac-janneau.com\/wp-content\/uploads\/2023\/12\/Argent-EN-350x293.jpg 350w\" sizes=\"(max-width: 940px) 100vw, 940px\" \/><\/a><\/div><div class=\"w-vwrapper usg_vwrapper_1 align_left valign_top\" style=\"--vwrapper-gap:0.7rem\"><h3 class=\"w-post-elm post_title usg_post_title_1 text-article entry-title color_link_inherit\"><a href=\"https:\/\/www.armagnac-janneau.com\/en\/news\/janneau-vsop-grand-armagnac-won-silver-medal\/\">JANNEAU VSOP GRAND ARMAGNAC won a silver medal at the &#8220;Les Talents de l&#8217;Armagnac&#8221;<\/a><\/h3><div class=\"w-hwrapper usg_hwrapper_1 has_text_color align_left valign_top wrap\" style=\"--hwrapper-gap:1.2rem\"><time class=\"w-post-elm post_date usg_post_date_1 has_text_color entry-date published\" datetime=\"2023-12-01T10:08:12+01:00\" title=\"1 December 2023 at 10:08:12 Europe\/Paris\">01\/12\/2023<\/time><\/div><\/div>\t\t<\/div>\r\n\t\t\t<\/article>\r\n\t<article class=\"w-grid-item size_1x1 post-8207 post type-post status-publish format-standard has-post-thumbnail category-news\" data-id=\"8207\">\r\n\t\t<div class=\"w-grid-item-h\">\r\n\t\t\t\t\t\t<div class=\"w-post-elm post_image usg_post_image_1 stretched\"><a href=\"https:\/\/www.armagnac-janneau.com\/en\/news\/janneau-25-yo-receives-a-silver-medal-at-the-concours-mondial-de-bruxelles\/\" aria-label=\"Janneau 25 YO receives a silver medal at the Concours Mondial de Bruxelles 2022 !\"><img decoding=\"async\" width=\"1640\" height=\"1920\" src=\"https:\/\/www.armagnac-janneau.com\/wp-content\/uploads\/2022\/07\/2022-07-06-JANNEAU-25-YO-CONCOURS-BRUXELLES-gb-scaled.jpg\" class=\"attachment-full size-full wp-post-image\" alt=\"2022 07 06 janneau 25 yo concours bruxelles gb\" srcset=\"https:\/\/www.armagnac-janneau.com\/wp-content\/uploads\/2022\/07\/2022-07-06-JANNEAU-25-YO-CONCOURS-BRUXELLES-gb-scaled.jpg 1640w, https:\/\/www.armagnac-janneau.com\/wp-content\/uploads\/2022\/07\/2022-07-06-JANNEAU-25-YO-CONCOURS-BRUXELLES-gb-256x300.jpg 256w, https:\/\/www.armagnac-janneau.com\/wp-content\/uploads\/2022\/07\/2022-07-06-JANNEAU-25-YO-CONCOURS-BRUXELLES-gb-874x1024.jpg 874w, https:\/\/www.armagnac-janneau.com\/wp-content\/uploads\/2022\/07\/2022-07-06-JANNEAU-25-YO-CONCOURS-BRUXELLES-gb-171x200.jpg 171w, https:\/\/www.armagnac-janneau.com\/wp-content\/uploads\/2022\/07\/2022-07-06-JANNEAU-25-YO-CONCOURS-BRUXELLES-gb-43x50.jpg 43w, https:\/\/www.armagnac-janneau.com\/wp-content\/uploads\/2022\/07\/2022-07-06-JANNEAU-25-YO-CONCOURS-BRUXELLES-gb-342x400.jpg 342w, https:\/\/www.armagnac-janneau.com\/wp-content\/uploads\/2022\/07\/2022-07-06-JANNEAU-25-YO-CONCOURS-BRUXELLES-gb-213x250.jpg 213w, https:\/\/www.armagnac-janneau.com\/wp-content\/uploads\/2022\/07\/2022-07-06-JANNEAU-25-YO-CONCOURS-BRUXELLES-gb-85x100.jpg 85w, https:\/\/www.armagnac-janneau.com\/wp-content\/uploads\/2022\/07\/2022-07-06-JANNEAU-25-YO-CONCOURS-BRUXELLES-gb-512x600.jpg 512w, https:\/\/www.armagnac-janneau.com\/wp-content\/uploads\/2022\/07\/2022-07-06-JANNEAU-25-YO-CONCOURS-BRUXELLES-gb-600x703.jpg 600w, https:\/\/www.armagnac-janneau.com\/wp-content\/uploads\/2022\/07\/2022-07-06-JANNEAU-25-YO-CONCOURS-BRUXELLES-gb-768x900.jpg 768w, https:\/\/www.armagnac-janneau.com\/wp-content\/uploads\/2022\/07\/2022-07-06-JANNEAU-25-YO-CONCOURS-BRUXELLES-gb-683x800.jpg 683w, https:\/\/www.armagnac-janneau.com\/wp-content\/uploads\/2022\/07\/2022-07-06-JANNEAU-25-YO-CONCOURS-BRUXELLES-gb-26x30.jpg 26w, https:\/\/www.armagnac-janneau.com\/wp-content\/uploads\/2022\/07\/2022-07-06-JANNEAU-25-YO-CONCOURS-BRUXELLES-gb-598x700.jpg 598w, https:\/\/www.armagnac-janneau.com\/wp-content\/uploads\/2022\/07\/2022-07-06-JANNEAU-25-YO-CONCOURS-BRUXELLES-gb-299x350.jpg 299w\" sizes=\"(max-width: 1640px) 100vw, 1640px\" \/><\/a><\/div><div class=\"w-vwrapper usg_vwrapper_1 align_left valign_top\" style=\"--vwrapper-gap:0.7rem\"><h3 class=\"w-post-elm post_title usg_post_title_1 text-article entry-title color_link_inherit\"><a href=\"https:\/\/www.armagnac-janneau.com\/en\/news\/janneau-25-yo-receives-a-silver-medal-at-the-concours-mondial-de-bruxelles\/\">Janneau 25 YO receives a silver medal at the Concours Mondial de Bruxelles 2022 !<\/a><\/h3><div class=\"w-hwrapper usg_hwrapper_1 has_text_color align_left valign_top wrap\" style=\"--hwrapper-gap:1.2rem\"><time class=\"w-post-elm post_date usg_post_date_1 has_text_color entry-date published\" datetime=\"2022-07-11T10:21:08+02:00\" title=\"11 July 2022 at 10:21:08 Europe\/Paris\">11\/07\/2022<\/time><\/div><\/div>\t\t<\/div>\r\n\t\t\t<\/article>\r\n\t<article class=\"w-grid-item size_1x1 post-8041 post type-post status-publish format-standard has-post-thumbnail category-news\" data-id=\"8041\">\r\n\t\t<div class=\"w-grid-item-h\">\r\n\t\t\t\t\t\t<div class=\"w-post-elm post_image usg_post_image_1 stretched\"><a href=\"https:\/\/www.armagnac-janneau.com\/en\/news\/san-francisco-world-spirits-competition-2022-double-gold-medals-for-janneau-vsop\/\" aria-label=\"San Francisco World Spirits Competition 2022: Double gold medals for Janneau VSOP\"><img decoding=\"async\" width=\"1477\" height=\"823\" src=\"https:\/\/www.armagnac-janneau.com\/wp-content\/uploads\/2022\/04\/janneau_sfwsc-e1650960993103.png\" class=\"attachment-full size-full wp-post-image\" alt=\"\" srcset=\"https:\/\/www.armagnac-janneau.com\/wp-content\/uploads\/2022\/04\/janneau_sfwsc-e1650960993103.png 1477w, https:\/\/www.armagnac-janneau.com\/wp-content\/uploads\/2022\/04\/janneau_sfwsc-e1650960993103-300x167.png 300w, https:\/\/www.armagnac-janneau.com\/wp-content\/uploads\/2022\/04\/janneau_sfwsc-e1650960993103-1024x571.png 1024w, https:\/\/www.armagnac-janneau.com\/wp-content\/uploads\/2022\/04\/janneau_sfwsc-e1650960993103-200x111.png 200w, https:\/\/www.armagnac-janneau.com\/wp-content\/uploads\/2022\/04\/janneau_sfwsc-e1650960993103-50x28.png 50w, https:\/\/www.armagnac-janneau.com\/wp-content\/uploads\/2022\/04\/janneau_sfwsc-e1650960993103-400x223.png 400w, https:\/\/www.armagnac-janneau.com\/wp-content\/uploads\/2022\/04\/janneau_sfwsc-e1650960993103-600x334.png 600w, https:\/\/www.armagnac-janneau.com\/wp-content\/uploads\/2022\/04\/janneau_sfwsc-e1650960993103-250x139.png 250w, https:\/\/www.armagnac-janneau.com\/wp-content\/uploads\/2022\/04\/janneau_sfwsc-e1650960993103-100x56.png 100w, https:\/\/www.armagnac-janneau.com\/wp-content\/uploads\/2022\/04\/janneau_sfwsc-e1650960993103-800x446.png 800w, https:\/\/www.armagnac-janneau.com\/wp-content\/uploads\/2022\/04\/janneau_sfwsc-e1650960993103-900x501.png 900w, https:\/\/www.armagnac-janneau.com\/wp-content\/uploads\/2022\/04\/janneau_sfwsc-e1650960993103-1000x557.png 1000w, https:\/\/www.armagnac-janneau.com\/wp-content\/uploads\/2022\/04\/janneau_sfwsc-e1650960993103-30x17.png 30w, https:\/\/www.armagnac-janneau.com\/wp-content\/uploads\/2022\/04\/janneau_sfwsc-e1650960993103-700x390.png 700w, https:\/\/www.armagnac-janneau.com\/wp-content\/uploads\/2022\/04\/janneau_sfwsc-e1650960993103-350x195.png 350w\" sizes=\"(max-width: 1477px) 100vw, 1477px\" \/><\/a><\/div><div class=\"w-vwrapper usg_vwrapper_1 align_left valign_top\" style=\"--vwrapper-gap:0.7rem\"><h3 class=\"w-post-elm post_title usg_post_title_1 text-article entry-title color_link_inherit\"><a href=\"https:\/\/www.armagnac-janneau.com\/en\/news\/san-francisco-world-spirits-competition-2022-double-gold-medals-for-janneau-vsop\/\">San Francisco World Spirits Competition 2022: Double gold medals for Janneau VSOP<\/a><\/h3><div class=\"w-hwrapper usg_hwrapper_1 has_text_color align_left valign_top wrap\" style=\"--hwrapper-gap:1.2rem\"><time class=\"w-post-elm post_date usg_post_date_1 has_text_color entry-date published\" datetime=\"2022-04-26T09:56:44+02:00\" title=\"26 April 2022 at 09:56:44 Europe\/Paris\">26\/04\/2022<\/time><\/div><\/div>\t\t<\/div>\r\n\t\t\t<\/article>\r\n\t<article class=\"w-grid-item size_1x1 post-7874 post type-post status-publish format-standard category-news\" data-id=\"7874\">\r\n\t\t<div class=\"w-grid-item-h\">\r\n\t\t\t\t\t\t<div class=\"w-vwrapper usg_vwrapper_1 align_left valign_top\" style=\"--vwrapper-gap:0.7rem\"><h3 class=\"w-post-elm post_title usg_post_title_1 text-article entry-title color_link_inherit\"><a href=\"https:\/\/www.armagnac-janneau.com\/en\/news\/four-awards-concours-des-grandes-eaux-de-vie-darmagnac-2021\/\">Four awards at the Concours des Grandes eaux-de-vie d&#8217;Armagnac 2021 !<\/a><\/h3><div class=\"w-hwrapper usg_hwrapper_1 has_text_color align_left valign_top wrap\" style=\"--hwrapper-gap:1.2rem\"><time class=\"w-post-elm post_date usg_post_date_1 has_text_color entry-date published\" datetime=\"2021-12-02T17:44:53+01:00\" title=\"2 December 2021 at 17:44:53 Europe\/Paris\">02\/12\/2021<\/time><\/div><div class=\"w-post-elm post_content usg_post_content_1 text has_text_color\">It is a tremendous honour for Grand Armagnac Janneau to have received the Prix du Pr\u00e9sident de la R\u00e9publique Fran\u00e7aise&hellip;<\/div><\/div>\t\t<\/div>\r\n\t\t\t<\/article>\r\n\t<article class=\"w-grid-item size_1x1 post-7852 post type-post status-publish format-standard has-post-thumbnail category-news\" data-id=\"7852\">\r\n\t\t<div class=\"w-grid-item-h\">\r\n\t\t\t\t\t\t<div class=\"w-post-elm post_image usg_post_image_1 stretched\"><a href=\"https:\/\/www.armagnac-janneau.com\/en\/news\/a-medals-at-the-concours-mondial-de-bruxelles\/\" aria-label=\"A medal at the Concours Mondial de Bruxelles 2021 !\"><img decoding=\"async\" width=\"2560\" height=\"1777\" src=\"https:\/\/www.armagnac-janneau.com\/wp-content\/uploads\/2021\/11\/janneau_armagnac_en_concours_mondial_bruxelles_2021-scaled.jpg\" class=\"attachment-full size-full wp-post-image\" alt=\"\" srcset=\"https:\/\/www.armagnac-janneau.com\/wp-content\/uploads\/2021\/11\/janneau_armagnac_en_concours_mondial_bruxelles_2021-scaled.jpg 2560w, https:\/\/www.armagnac-janneau.com\/wp-content\/uploads\/2021\/11\/janneau_armagnac_en_concours_mondial_bruxelles_2021-300x208.jpg 300w, https:\/\/www.armagnac-janneau.com\/wp-content\/uploads\/2021\/11\/janneau_armagnac_en_concours_mondial_bruxelles_2021-1024x711.jpg 1024w, https:\/\/www.armagnac-janneau.com\/wp-content\/uploads\/2021\/11\/janneau_armagnac_en_concours_mondial_bruxelles_2021-200x139.jpg 200w, https:\/\/www.armagnac-janneau.com\/wp-content\/uploads\/2021\/11\/janneau_armagnac_en_concours_mondial_bruxelles_2021-50x35.jpg 50w, https:\/\/www.armagnac-janneau.com\/wp-content\/uploads\/2021\/11\/janneau_armagnac_en_concours_mondial_bruxelles_2021-400x278.jpg 400w, https:\/\/www.armagnac-janneau.com\/wp-content\/uploads\/2021\/11\/janneau_armagnac_en_concours_mondial_bruxelles_2021-576x400.jpg 576w, https:\/\/www.armagnac-janneau.com\/wp-content\/uploads\/2021\/11\/janneau_armagnac_en_concours_mondial_bruxelles_2021-250x174.jpg 250w, https:\/\/www.armagnac-janneau.com\/wp-content\/uploads\/2021\/11\/janneau_armagnac_en_concours_mondial_bruxelles_2021-100x69.jpg 100w, https:\/\/www.armagnac-janneau.com\/wp-content\/uploads\/2021\/11\/janneau_armagnac_en_concours_mondial_bruxelles_2021-800x555.jpg 800w, https:\/\/www.armagnac-janneau.com\/wp-content\/uploads\/2021\/11\/janneau_armagnac_en_concours_mondial_bruxelles_2021-600x416.jpg 600w, https:\/\/www.armagnac-janneau.com\/wp-content\/uploads\/2021\/11\/janneau_armagnac_en_concours_mondial_bruxelles_2021-900x625.jpg 900w, https:\/\/www.armagnac-janneau.com\/wp-content\/uploads\/2021\/11\/janneau_armagnac_en_concours_mondial_bruxelles_2021-1000x694.jpg 1000w, https:\/\/www.armagnac-janneau.com\/wp-content\/uploads\/2021\/11\/janneau_armagnac_en_concours_mondial_bruxelles_2021-30x21.jpg 30w, https:\/\/www.armagnac-janneau.com\/wp-content\/uploads\/2021\/11\/janneau_armagnac_en_concours_mondial_bruxelles_2021-700x486.jpg 700w\" sizes=\"(max-width: 2560px) 100vw, 2560px\" \/><\/a><\/div><div class=\"w-vwrapper usg_vwrapper_1 align_left valign_top\" style=\"--vwrapper-gap:0.7rem\"><h3 class=\"w-post-elm post_title usg_post_title_1 text-article entry-title color_link_inherit\"><a href=\"https:\/\/www.armagnac-janneau.com\/en\/news\/a-medals-at-the-concours-mondial-de-bruxelles\/\">A medal at the Concours Mondial de Bruxelles 2021 !<\/a><\/h3><div class=\"w-hwrapper usg_hwrapper_1 has_text_color align_left valign_top wrap\" style=\"--hwrapper-gap:1.2rem\"><time class=\"w-post-elm post_date usg_post_date_1 has_text_color entry-date published\" datetime=\"2021-11-29T10:21:46+01:00\" title=\"29 November 2021 at 10:21:46 Europe\/Paris\">29\/11\/2021<\/time><\/div><\/div>\t\t<\/div>\r\n\t\t\t<\/article>\r\n<\/div>\t<div class=\"w-grid-preloader\">\r\n\t\t<div class=\"g-preloader type_1\">\r\n\t\t\t<div><\/div>\r\n\t\t<\/div>\r\n\t<\/div>\r\n\t\t<div class=\"w-grid-json hidden\" onclick='return {&quot;action&quot;:&quot;us_ajax_grid&quot;,&quot;infinite_scroll&quot;:0,&quot;max_num_pages&quot;:1,&quot;pagination&quot;:&quot;none&quot;,&quot;template_vars&quot;:{&quot;columns&quot;:&quot;2&quot;,&quot;exclude_items&quot;:&quot;none&quot;,&quot;img_size&quot;:&quot;default&quot;,&quot;ignore_items_size&quot;:0,&quot;items_layout&quot;:&quot;979&quot;,&quot;items_offset&quot;:&quot;1&quot;,&quot;load_animation&quot;:&quot;none&quot;,&quot;overriding_link&quot;:&quot;{\\&quot;url\\&quot;:\\&quot;\\&quot;}&quot;,&quot;post_id&quot;:0,&quot;query_args&quot;:{&quot;post_type&quot;:[&quot;post&quot;],&quot;post_status&quot;:[&quot;publish&quot;,&quot;acf-disabled&quot;],&quot;posts_per_page&quot;:&quot;10&quot;},&quot;orderby_query_args&quot;:{&quot;orderby&quot;:{&quot;date&quot;:&quot;DESC&quot;}},&quot;type&quot;:&quot;grid&quot;,&quot;us_grid_post_type&quot;:&quot;post&quot;,&quot;us_grid_ajax_index&quot;:1,&quot;us_grid_filter_query_string&quot;:null,&quot;us_grid_index&quot;:1,&quot;page_args&quot;:[],&quot;lang&quot;:&quot;en&quot;}}'><\/div>\r\n\t<\/div><\/div><\/div><\/div><\/div><\/div><\/section>\n","protected":false},"excerpt":{"rendered":"","protected":false},"author":11,"featured_media":6538,"parent":0,"menu_order":0,"comment_status":"closed","ping_status":"closed","template":"","meta":{"_acf_changed":false,"_seopress_robots_primary_cat":"","_seopress_titles_title":"","_seopress_titles_desc":"","_seopress_robots_index":"","footnotes":""},"class_list":["post-7469","page","type-page","status-publish","has-post-thumbnail"],"acf":[],"_links":{"self":[{"href":"https:\/\/www.armagnac-janneau.com\/en\/wp-json\/wp\/v2\/pages\/7469","targetHints":{"allow":["GET"]}}],"collection":[{"href":"https:\/\/www.armagnac-janneau.com\/en\/wp-json\/wp\/v2\/pages"}],"about":[{"href":"https:\/\/www.armagnac-janneau.com\/en\/wp-json\/wp\/v2\/types\/page"}],"author":[{"embeddable":true,"href":"https:\/\/www.armagnac-janneau.com\/en\/wp-json\/wp\/v2\/users\/11"}],"replies":[{"embeddable":true,"href":"https:\/\/www.armagnac-janneau.com\/en\/wp-json\/wp\/v2\/comments?post=7469"}],"version-history":[{"count":1,"href":"https:\/\/www.armagnac-janneau.com\/en\/wp-json\/wp\/v2\/pages\/7469\/revisions"}],"predecessor-version":[{"id":27483,"href":"https:\/\/www.armagnac-janneau.com\/en\/wp-json\/wp\/v2\/pages\/7469\/revisions\/27483"}],"wp:featuredmedia":[{"embeddable":true,"href":"https:\/\/www.armagnac-janneau.com\/en\/wp-json\/wp\/v2\/media\/6538"}],"wp:attachment":[{"href":"https:\/\/www.armagnac-janneau.com\/en\/wp-json\/wp\/v2\/media?parent=7469"}],"curies":[{"name":"wp","href":"https:\/\/api.w.org\/{rel}","templated":true}]}}